{"id":331,"date":"2023-04-19T12:55:38","date_gmt":"2023-04-19T10:55:38","guid":{"rendered":"https:\/\/clemensspillehal.com\/?page_id=331"},"modified":"2023-10-18T16:25:08","modified_gmt":"2023-10-18T14:25:08","slug":"about-us","status":"publish","type":"page","link":"https:\/\/www.clemensspillehal.com\/sv\/about-us\/","title":{"rendered":"Om oss"},"content":{"rendered":"<div data-elementor-type=\"wp-page\" data-elementor-id=\"331\" class=\"elementor elementor-331\" data-elementor-post-type=\"page\">\n\t\t\t\t\t\t<section class=\"elementor-section elementor-top-section elementor-element elementor-element-4a26f5a2 elementor-section-height-min-height elementor-section-boxed elementor-section-height-default elementor-section-items-middle\" data-id=\"4a26f5a2\" data-element_type=\"section\" data-e-type=\"section\" data-settings=\"{&quot;background_background&quot;:&quot;classic&quot;}\">\n\t\t\t\t\t\t<div class=\"elementor-container elementor-column-gap-no\">\n\t\t\t\t\t<div class=\"elementor-column elementor-col-50 elementor-top-column elementor-element elementor-element-74fb48d\" data-id=\"74fb48d\" data-element_type=\"column\" data-e-type=\"column\">\n\t\t\t<div class=\"elementor-widget-wrap elementor-element-populated\">\n\t\t\t\t\t\t<div class=\"elementor-element elementor-element-60815e00 elementor-widget__width-initial elementor-widget elementor-widget-heading\" data-id=\"60815e00\" data-element_type=\"widget\" data-e-type=\"widget\" data-widget_type=\"heading.default\">\n\t\t\t\t<div class=\"elementor-widget-container\">\n\t\t\t\t\t<h1 class=\"elementor-heading-title elementor-size-default\">Om oss<\/h1>\t\t\t\t<\/div>\n\t\t\t\t<\/div>\n\t\t\t\t\t<\/div>\n\t\t<\/div>\n\t\t\t\t<div class=\"elementor-column elementor-col-50 elementor-top-column elementor-element elementor-element-7ef1f442\" data-id=\"7ef1f442\" data-element_type=\"column\" data-e-type=\"column\">\n\t\t\t<div class=\"elementor-widget-wrap\">\n\t\t\t\t\t\t\t<\/div>\n\t\t<\/div>\n\t\t\t\t\t<\/div>\n\t\t<\/section>\n\t\t\t\t<section class=\"elementor-section elementor-top-section elementor-element elementor-element-3c79728d elementor-section-boxed elementor-section-height-default elementor-section-height-default\" data-id=\"3c79728d\" data-element_type=\"section\" data-e-type=\"section\">\n\t\t\t\t\t\t<div class=\"elementor-container elementor-column-gap-no\">\n\t\t\t\t\t<div class=\"elementor-column elementor-col-100 elementor-top-column elementor-element elementor-element-14a89235\" data-id=\"14a89235\" data-element_type=\"column\" data-e-type=\"column\">\n\t\t\t<div class=\"elementor-widget-wrap elementor-element-populated\">\n\t\t\t\t\t\t<div class=\"elementor-element elementor-element-b668e16 elementor-widget elementor-widget-text-editor\" data-id=\"b668e16\" data-element_type=\"widget\" data-e-type=\"widget\" data-widget_type=\"text-editor.default\">\n\t\t\t\t<div class=\"elementor-widget-container\">\n\t\t\t\t\t\t\t\t\t<div class=\"container content-container\"><div class=\"row\"><div class=\"col-sm-12\"><p>ClemensSpillehal.dk har ett urval av v\u00e4rldens mest popul\u00e4ra spel som du kan spela f\u00f6r skojs skull eller f\u00f6r riktiga pengar. Allt detta sker i en v\u00e4nlig och professionell milj\u00f6 med hj\u00e4lp av den nya och mest tillf\u00f6rlitliga spelprogramvaran. Vi tar bort allt kr\u00e5ngel s\u00e5 att du kan njuta av att vinna!<\/p><hr class=\"dashed\" \/><h2>K\u00e4nna sig hemma - k\u00e4nna sig trygg.<\/h2><p>ClemensSpillehal.dk g\u00e5r mycket l\u00e5ngt f\u00f6r att s\u00e4kerst\u00e4lla att din personliga och finansiella information \u00e4r 100% skyddad och h\u00e5lls konfidentiell. Vi anv\u00e4nder branschstandardiserade s\u00e4kerhetsprotokoll (128 bitars SSL-kryptering f\u00f6r datateknik) f\u00f6r att s\u00e4kerst\u00e4lla att alla transaktioner, inklusive ins\u00e4ttningar och uttag, g\u00f6rs p\u00e5 ett s\u00e4kert s\u00e4tt. Du kan vara s\u00e4ker p\u00e5 att vi under inga omst\u00e4ndigheter kommer att vidarebefordra din information till en tredje part.<\/p><hr class=\"dashed\" \/><h2>R\u00e4ttvist spel<\/h2><p>Ett vanligt bekymmer f\u00f6r m\u00e5nga nya onlinespelare \u00e4r fr\u00e5gan om vi kan leverera \u00e4rliga och r\u00e4ttvisa spelresultat. ClemensSpillehal.dk f\u00f6rst\u00e5r vikten av att s\u00e4kerst\u00e4lla r\u00e4ttvist spel och vi \u00e4gnar oss \u00e5t detta.<\/p><p>ClemensSpillehal.dk anv\u00e4nder en certifierad och kontrollerad slumptalsgenerator (RNG) f\u00f6r att s\u00e4kerst\u00e4lla konsekvent slumpm\u00e4ssiga resultat. Detta system \u00e4r en standard inom onlinespelindustrin och har testats grundligt genom att k\u00f6ra och analysera miljontals t\u00e4rningskast, kortblandningar och spins. ClemensSpillehal.dk \u00f6vervakar kontinuerligt spelen f\u00f6r att s\u00e4kerst\u00e4lla att resultatet av varje spel \u00e4r helt slumpm\u00e4ssigt hela tiden.<\/p><br \/><hr class=\"dashed\" \/><h2>Kundservice dygnet runt<\/h2><p>Vi anser att varje medlem p\u00e5 ClemensSpillehal.dk f\u00f6rtj\u00e4nar VIP-behandling som standard dygnet runt. Vi tillhandah\u00e5ller detta genom expertisen hos v\u00e5r kundtj\u00e4nst. Detta v\u00e4nliga serviceteam best\u00e5r av ett antal mycket erfarna medarbetare, alla med full kunskap om ClemensSpillehal.dk, dedikerade till att g\u00f6ra dina bes\u00f6k hos oss s\u00e5 trevliga som m\u00f6jligt.<\/p><\/div><\/div><\/div>\t\t\t\t\t\t\t\t<\/div>\n\t\t\t\t<\/div>\n\t\t\t\t\t<\/div>\n\t\t<\/div>\n\t\t\t\t\t<\/div>\n\t\t<\/section>\n\t\t\t\t<\/div>","protected":false},"excerpt":{"rendered":"<p>About us ClemensSpillehal.dk has a selection of the world&#8217;s most popular games that you can play for fun or for real money. All this happens in a friendly and professional environment using the new and most reliable gaming software. We take all the hassle out of it so you can enjoy winning! Feel at home [&hellip;]<\/p>\n","protected":false},"author":1,"featured_media":0,"parent":0,"menu_order":0,"comment_status":"closed","ping_status":"closed","template":"elementor_header_footer","meta":{"_acf_changed":false,"footnotes":""},"class_list":["post-331","page","type-page","status-publish","hentry"],"acf":[],"_links":{"self":[{"href":"https:\/\/www.clemensspillehal.com\/sv\/wp-json\/wp\/v2\/pages\/331","targetHints":{"allow":["GET"]}}],"collection":[{"href":"https:\/\/www.clemensspillehal.com\/sv\/wp-json\/wp\/v2\/pages"}],"about":[{"href":"https:\/\/www.clemensspillehal.com\/sv\/wp-json\/wp\/v2\/types\/page"}],"author":[{"embeddable":true,"href":"https:\/\/www.clemensspillehal.com\/sv\/wp-json\/wp\/v2\/users\/1"}],"replies":[{"embeddable":true,"href":"https:\/\/www.clemensspillehal.com\/sv\/wp-json\/wp\/v2\/comments?post=331"}],"version-history":[{"count":31,"href":"https:\/\/www.clemensspillehal.com\/sv\/wp-json\/wp\/v2\/pages\/331\/revisions"}],"predecessor-version":[{"id":1285,"href":"https:\/\/www.clemensspillehal.com\/sv\/wp-json\/wp\/v2\/pages\/331\/revisions\/1285"}],"wp:attachment":[{"href":"https:\/\/www.clemensspillehal.com\/sv\/wp-json\/wp\/v2\/media?parent=331"}],"curies":[{"name":"wp","href":"https:\/\/api.w.org\/{rel}","templated":true}]}}