{"id":539,"date":"2023-04-20T20:01:21","date_gmt":"2023-04-20T18:01:21","guid":{"rendered":"https:\/\/clemensspillehal.com\/?page_id=539"},"modified":"2023-10-18T16:19:51","modified_gmt":"2023-10-18T14:19:51","slug":"customer-service","status":"publish","type":"page","link":"https:\/\/www.clemensspillehal.com\/no\/customer-service\/","title":{"rendered":"Kundeservice"},"content":{"rendered":"<div data-elementor-type=\"wp-page\" data-elementor-id=\"539\" class=\"elementor elementor-539\" data-elementor-post-type=\"page\">\n\t\t\t\t\t\t<section class=\"elementor-section elementor-top-section elementor-element elementor-element-471f81cd elementor-section-height-min-height elementor-section-boxed elementor-section-height-default elementor-section-items-middle\" data-id=\"471f81cd\" data-element_type=\"section\" data-e-type=\"section\" data-settings=\"{&quot;background_background&quot;:&quot;classic&quot;}\">\n\t\t\t\t\t\t<div class=\"elementor-container elementor-column-gap-no\">\n\t\t\t\t\t<div class=\"elementor-column elementor-col-50 elementor-top-column elementor-element elementor-element-34679bcb\" data-id=\"34679bcb\" data-element_type=\"column\" data-e-type=\"column\">\n\t\t\t<div class=\"elementor-widget-wrap elementor-element-populated\">\n\t\t\t\t\t\t<div class=\"elementor-element elementor-element-45461863 elementor-widget__width-initial elementor-widget elementor-widget-heading\" data-id=\"45461863\" data-element_type=\"widget\" data-e-type=\"widget\" data-widget_type=\"heading.default\">\n\t\t\t\t<div class=\"elementor-widget-container\">\n\t\t\t\t\t<h1 class=\"elementor-heading-title elementor-size-default\">Kundeservice<\/h1>\t\t\t\t<\/div>\n\t\t\t\t<\/div>\n\t\t\t\t\t<\/div>\n\t\t<\/div>\n\t\t\t\t<div class=\"elementor-column elementor-col-50 elementor-top-column elementor-element elementor-element-759fda5a elementor-hidden-mobile\" data-id=\"759fda5a\" data-element_type=\"column\" data-e-type=\"column\">\n\t\t\t<div class=\"elementor-widget-wrap\">\n\t\t\t\t\t\t\t<\/div>\n\t\t<\/div>\n\t\t\t\t\t<\/div>\n\t\t<\/section>\n\t\t\t\t<section class=\"elementor-section elementor-top-section elementor-element elementor-element-3771deba elementor-section-content-top elementor-section-boxed elementor-section-height-default elementor-section-height-default\" data-id=\"3771deba\" data-element_type=\"section\" data-e-type=\"section\">\n\t\t\t\t\t\t<div class=\"elementor-container elementor-column-gap-no\">\n\t\t\t\t\t<div class=\"elementor-column elementor-col-33 elementor-top-column elementor-element elementor-element-6ef30259\" data-id=\"6ef30259\" data-element_type=\"column\" data-e-type=\"column\">\n\t\t\t<div class=\"elementor-widget-wrap elementor-element-populated\">\n\t\t\t\t\t\t<div class=\"elementor-element elementor-element-7c58dc0 elementor-widget elementor-widget-heading\" data-id=\"7c58dc0\" data-element_type=\"widget\" data-e-type=\"widget\" data-widget_type=\"heading.default\">\n\t\t\t\t<div class=\"elementor-widget-container\">\n\t\t\t\t\t<h2 class=\"elementor-heading-title elementor-size-default\">Support 24\/7<\/h2>\t\t\t\t<\/div>\n\t\t\t\t<\/div>\n\t\t\t\t<div class=\"elementor-element elementor-element-4ecc489 elementor-widget elementor-widget-text-editor\" data-id=\"4ecc489\" data-element_type=\"widget\" data-e-type=\"widget\" data-widget_type=\"text-editor.default\">\n\t\t\t\t<div class=\"elementor-widget-container\">\n\t\t\t\t\t\t\t\t\t<h3>Kundeservice via e-post<\/h3><p>Du kan sende e-post til oss hvis du har sp\u00f8rsm\u00e5l eller problemer: <a href=\"mailto:support@clemensspillehal.com\"><span style=\"color: #ddbd71;\">support@clemensspillehal.com<\/span><\/a><\/p><p>V\u00e5rt supportteam st\u00e5r klar til \u00e5 hjelpe deg, slik at din opplevelse p\u00e5 ClemensSpillehal.dk blir s\u00e5 ryddig og problemfri som mulig.<br \/><br \/>V\u00e6r oppmerksom p\u00e5 at kundeservice p\u00e5 ulike spr\u00e5k ikke alltid er tilgjengelig d\u00f8gnet rundt.<\/p><p>Vi anbefaler derfor at du om mulig skriver sp\u00f8rsm\u00e5let ditt p\u00e5 engelsk hvis du trenger et umiddelbart svar.<\/p>\t\t\t\t\t\t\t\t<\/div>\n\t\t\t\t<\/div>\n\t\t\t\t<div class=\"elementor-element elementor-element-0599ee6 elementor-widget elementor-widget-text-editor\" data-id=\"0599ee6\" data-element_type=\"widget\" data-e-type=\"widget\" data-widget_type=\"text-editor.default\">\n\t\t\t\t<div class=\"elementor-widget-container\">\n\t\t\t\t\t\t\t\t\t<p>Som fast spiller hos ClemensSpillehal.dk er du klar over at vi jevnlig sender kampanjer, oppdateringer, arrangementer og viktig kontoinformasjon direkte til innboksen din.<\/p><h2>Mottar du ikke e-postene v\u00e5re?<\/h2><p>Alle internettleverand\u00f8rer bruker et kraftig antispamfilter for \u00e5 sikre at kundene kun mottar e-post som de \u00f8nsker \u00e5 motta. I denne prosessen kan du oppleve at legitim e-post blir blokkert. Dette kan bety at du ikke mottar viktige e-poster fra oss - ClemensSpillehal.dk.<\/p><h2>Oppdater e-postabonnementet ditt<\/h2><p>Det er mange m\u00e5ter \u00e5 sikre at du mottar nyhetsbrevene v\u00e5re p\u00e5:<\/p><ol><li>Kontakt v\u00e5r d\u00f8gn\u00e5pne kundeservice for \u00e5 sikre at du mottar e-postene v\u00e5re.<\/li><li>S\u00f8rg for at e-postadressen din er oppdatert og riktig stavet.<\/li><\/ol>\t\t\t\t\t\t\t\t<\/div>\n\t\t\t\t<\/div>\n\t\t\t\t\t<\/div>\n\t\t<\/div>\n\t\t\t\t<div class=\"elementor-column elementor-col-33 elementor-top-column elementor-element elementor-element-18a6f07\" data-id=\"18a6f07\" data-element_type=\"column\" data-e-type=\"column\">\n\t\t\t<div class=\"elementor-widget-wrap\">\n\t\t\t\t\t\t\t<\/div>\n\t\t<\/div>\n\t\t\t\t<div class=\"elementor-column elementor-col-33 elementor-top-column elementor-element elementor-element-ea08976\" data-id=\"ea08976\" data-element_type=\"column\" data-e-type=\"column\">\n\t\t\t<div class=\"elementor-widget-wrap elementor-element-populated\">\n\t\t\t\t\t\t<div class=\"elementor-element elementor-element-90a44c9 elementor-widget elementor-widget-html\" data-id=\"90a44c9\" data-element_type=\"widget\" data-e-type=\"widget\" data-widget_type=\"html.default\">\n\t\t\t\t<div class=\"elementor-widget-container\">\n\t\t\t\t\t<son-faq><\/son-faq>\t\t\t\t<\/div>\n\t\t\t\t<\/div>\n\t\t\t\t\t<\/div>\n\t\t<\/div>\n\t\t\t\t\t<\/div>\n\t\t<\/section>\n\t\t\t\t<\/div>","protected":false},"excerpt":{"rendered":"<p>Customer service 24\/7 Support Customer service via e-mail You can email any questions or problems you have to: support@clemensspillehal.com Our Support Team is waiting to help you, so that your experience at ClemensSpillehal.dk will be as neat and trouble-free as possible. Please note that customer service in different languages \u200b\u200bwill not always be available around [&hellip;]<\/p>\n","protected":false},"author":1,"featured_media":0,"parent":0,"menu_order":0,"comment_status":"closed","ping_status":"closed","template":"elementor_header_footer","meta":{"_acf_changed":false,"footnotes":""},"class_list":["post-539","page","type-page","status-publish","hentry"],"acf":[],"_links":{"self":[{"href":"https:\/\/www.clemensspillehal.com\/no\/wp-json\/wp\/v2\/pages\/539","targetHints":{"allow":["GET"]}}],"collection":[{"href":"https:\/\/www.clemensspillehal.com\/no\/wp-json\/wp\/v2\/pages"}],"about":[{"href":"https:\/\/www.clemensspillehal.com\/no\/wp-json\/wp\/v2\/types\/page"}],"author":[{"embeddable":true,"href":"https:\/\/www.clemensspillehal.com\/no\/wp-json\/wp\/v2\/users\/1"}],"replies":[{"embeddable":true,"href":"https:\/\/www.clemensspillehal.com\/no\/wp-json\/wp\/v2\/comments?post=539"}],"version-history":[{"count":32,"href":"https:\/\/www.clemensspillehal.com\/no\/wp-json\/wp\/v2\/pages\/539\/revisions"}],"predecessor-version":[{"id":1276,"href":"https:\/\/www.clemensspillehal.com\/no\/wp-json\/wp\/v2\/pages\/539\/revisions\/1276"}],"wp:attachment":[{"href":"https:\/\/www.clemensspillehal.com\/no\/wp-json\/wp\/v2\/media?parent=539"}],"curies":[{"name":"wp","href":"https:\/\/api.w.org\/{rel}","templated":true}]}}