{"id":331,"date":"2023-04-19T12:55:38","date_gmt":"2023-04-19T10:55:38","guid":{"rendered":"https:\/\/clemensspillehal.com\/?page_id=331"},"modified":"2023-10-18T16:25:08","modified_gmt":"2023-10-18T14:25:08","slug":"about-us","status":"publish","type":"page","link":"https:\/\/www.clemensspillehal.com\/no\/about-us\/","title":{"rendered":"Om oss"},"content":{"rendered":"<div data-elementor-type=\"wp-page\" data-elementor-id=\"331\" class=\"elementor elementor-331\" data-elementor-post-type=\"page\">\n\t\t\t\t\t\t<section class=\"elementor-section elementor-top-section elementor-element elementor-element-4a26f5a2 elementor-section-height-min-height elementor-section-boxed elementor-section-height-default elementor-section-items-middle\" data-id=\"4a26f5a2\" data-element_type=\"section\" data-e-type=\"section\" data-settings=\"{&quot;background_background&quot;:&quot;classic&quot;}\">\n\t\t\t\t\t\t<div class=\"elementor-container elementor-column-gap-no\">\n\t\t\t\t\t<div class=\"elementor-column elementor-col-50 elementor-top-column elementor-element elementor-element-74fb48d\" data-id=\"74fb48d\" data-element_type=\"column\" data-e-type=\"column\">\n\t\t\t<div class=\"elementor-widget-wrap elementor-element-populated\">\n\t\t\t\t\t\t<div class=\"elementor-element elementor-element-60815e00 elementor-widget__width-initial elementor-widget elementor-widget-heading\" data-id=\"60815e00\" data-element_type=\"widget\" data-e-type=\"widget\" data-widget_type=\"heading.default\">\n\t\t\t\t<div class=\"elementor-widget-container\">\n\t\t\t\t\t<h1 class=\"elementor-heading-title elementor-size-default\">Om oss<\/h1>\t\t\t\t<\/div>\n\t\t\t\t<\/div>\n\t\t\t\t\t<\/div>\n\t\t<\/div>\n\t\t\t\t<div class=\"elementor-column elementor-col-50 elementor-top-column elementor-element elementor-element-7ef1f442\" data-id=\"7ef1f442\" data-element_type=\"column\" data-e-type=\"column\">\n\t\t\t<div class=\"elementor-widget-wrap\">\n\t\t\t\t\t\t\t<\/div>\n\t\t<\/div>\n\t\t\t\t\t<\/div>\n\t\t<\/section>\n\t\t\t\t<section class=\"elementor-section elementor-top-section elementor-element elementor-element-3c79728d elementor-section-boxed elementor-section-height-default elementor-section-height-default\" data-id=\"3c79728d\" data-element_type=\"section\" data-e-type=\"section\">\n\t\t\t\t\t\t<div class=\"elementor-container elementor-column-gap-no\">\n\t\t\t\t\t<div class=\"elementor-column elementor-col-100 elementor-top-column elementor-element elementor-element-14a89235\" data-id=\"14a89235\" data-element_type=\"column\" data-e-type=\"column\">\n\t\t\t<div class=\"elementor-widget-wrap elementor-element-populated\">\n\t\t\t\t\t\t<div class=\"elementor-element elementor-element-b668e16 elementor-widget elementor-widget-text-editor\" data-id=\"b668e16\" data-element_type=\"widget\" data-e-type=\"widget\" data-widget_type=\"text-editor.default\">\n\t\t\t\t<div class=\"elementor-widget-container\">\n\t\t\t\t\t\t\t\t\t<div class=\"container content-container\"><div class=\"row\"><div class=\"col-sm-12\"><p>ClemensSpillehal.dk har et utvalg av verdens mest popul\u00e6re spill som du kan spille for moro skyld eller for ekte penger. Alt dette skjer i et vennlig og profesjonelt milj\u00f8 ved hjelp av den nyeste og mest p\u00e5litelige spillprogramvaren. Vi tar alt bryet ut av det, slik at du kan glede deg over \u00e5 vinne!<\/p><hr class=\"dashed\" \/><h2>F\u00f8l deg hjemme - f\u00f8l deg trygg.<\/h2><p>ClemensSpillehal.dk strekker seg langt for \u00e5 sikre at din personlige og finansielle informasjon er 100% beskyttet og holdes konfidensiell. Vi bruker standard sikkerhetsprotokoller (128 bit SSL-kryptering for datateknologi) for \u00e5 sikre at alle transaksjoner, inkludert innskudd og uttak, skjer p\u00e5 en sikker m\u00e5te. Du kan v\u00e6re sikker p\u00e5 at vi ikke under noen omstendigheter vil gi opplysningene dine videre til en tredjepart.<\/p><hr class=\"dashed\" \/><h2>Fair Play<\/h2><p>En vanlig bekymring for mange f\u00f8rstegangsspillere p\u00e5 nettet er sp\u00f8rsm\u00e5let om vi kan levere \u00e6rlige og rettferdige spillresultater. ClemensSpillehal.dk forst\u00e5r hvor viktig det er \u00e5 sikre fair play, og vi er opptatt av dette.<\/p><p>ClemensSpillehal.dk bruker en sertifisert og kontrollert Random Number Generator (RNG) for \u00e5 sikre konsekvent tilfeldige resultater. Dette systemet er en standard i nettspillbransjen og har blitt grundig testet ved \u00e5 kj\u00f8re og analysere millioner av terningkast, kortblandinger og spinn. ClemensSpillehal.dk overv\u00e5ker kontinuerlig spillene for \u00e5 sikre at utfallet av hvert spill til enhver tid er helt tilfeldig.<\/p><br \/><hr class=\"dashed\" \/><h2>Kundeservice d\u00f8gnet rundt<\/h2><p>Vi mener at alle medlemmer hos ClemensSpillehal.dk fortjener VIP-behandling som standard d\u00f8gnet rundt. Det s\u00f8rger vi for gjennom ekspertisen til v\u00e5r kundeservice. Dette vennlige serviceteamet best\u00e5r av en rekke sv\u00e6rt erfarne medarbeidere, som alle har full kjennskap til ClemensSpillehal.dk og er opptatt av \u00e5 gj\u00f8re bes\u00f8ket ditt hos oss s\u00e5 hyggelig som mulig.<\/p><\/div><\/div><\/div>\t\t\t\t\t\t\t\t<\/div>\n\t\t\t\t<\/div>\n\t\t\t\t\t<\/div>\n\t\t<\/div>\n\t\t\t\t\t<\/div>\n\t\t<\/section>\n\t\t\t\t<\/div>","protected":false},"excerpt":{"rendered":"<p>About us ClemensSpillehal.dk has a selection of the world&#8217;s most popular games that you can play for fun or for real money. All this happens in a friendly and professional environment using the new and most reliable gaming software. We take all the hassle out of it so you can enjoy winning! Feel at home [&hellip;]<\/p>\n","protected":false},"author":1,"featured_media":0,"parent":0,"menu_order":0,"comment_status":"closed","ping_status":"closed","template":"elementor_header_footer","meta":{"_acf_changed":false,"footnotes":""},"class_list":["post-331","page","type-page","status-publish","hentry"],"acf":[],"_links":{"self":[{"href":"https:\/\/www.clemensspillehal.com\/no\/wp-json\/wp\/v2\/pages\/331","targetHints":{"allow":["GET"]}}],"collection":[{"href":"https:\/\/www.clemensspillehal.com\/no\/wp-json\/wp\/v2\/pages"}],"about":[{"href":"https:\/\/www.clemensspillehal.com\/no\/wp-json\/wp\/v2\/types\/page"}],"author":[{"embeddable":true,"href":"https:\/\/www.clemensspillehal.com\/no\/wp-json\/wp\/v2\/users\/1"}],"replies":[{"embeddable":true,"href":"https:\/\/www.clemensspillehal.com\/no\/wp-json\/wp\/v2\/comments?post=331"}],"version-history":[{"count":31,"href":"https:\/\/www.clemensspillehal.com\/no\/wp-json\/wp\/v2\/pages\/331\/revisions"}],"predecessor-version":[{"id":1285,"href":"https:\/\/www.clemensspillehal.com\/no\/wp-json\/wp\/v2\/pages\/331\/revisions\/1285"}],"wp:attachment":[{"href":"https:\/\/www.clemensspillehal.com\/no\/wp-json\/wp\/v2\/media?parent=331"}],"curies":[{"name":"wp","href":"https:\/\/api.w.org\/{rel}","templated":true}]}}